{"id":8046,"date":"2025-10-04T21:16:35","date_gmt":"2025-10-04T21:16:35","guid":{"rendered":"https:\/\/uludogantech.com\/we-in-the-press\/"},"modified":"2026-01-20T21:04:55","modified_gmt":"2026-01-20T21:04:55","slug":"we-in-the-press","status":"publish","type":"page","link":"https:\/\/uludogantech.com\/en\/we-in-the-press\/","title":{"rendered":"We in the Press"},"content":{"rendered":"\t\t<div data-elementor-type=\"wp-page\" data-elementor-id=\"8046\" class=\"elementor elementor-8046 elementor-530\" data-elementor-post-type=\"page\">\n\t\t\t\t\t\t<section class=\"elementor-section elementor-top-section elementor-element elementor-element-1116fffa elementor-section-full_width elementor-section-height-min-height elementor-section-height-default elementor-section-items-middle\" data-id=\"1116fffa\" data-element_type=\"section\" data-e-type=\"section\" data-settings=\"{&quot;background_background&quot;:&quot;classic&quot;,&quot;ekit_has_onepagescroll_dot&quot;:&quot;yes&quot;}\">\n\t\t\t\t\t\t\t<div class=\"elementor-background-overlay\"><\/div>\n\t\t\t\t\t\t\t<div class=\"elementor-container elementor-column-gap-default\">\n\t\t\t\t\t<div class=\"elementor-column elementor-col-100 elementor-top-column elementor-element elementor-element-80f7d7c\" data-id=\"80f7d7c\" data-element_type=\"column\" data-e-type=\"column\">\n\t\t\t<div class=\"elementor-widget-wrap elementor-element-populated\">\n\t\t\t\t\t\t<div class=\"elementor-element elementor-element-8a421b7 elementor-widget elementor-widget-heading\" data-id=\"8a421b7\" data-element_type=\"widget\" data-e-type=\"widget\" data-settings=\"{&quot;ekit_we_effect_on&quot;:&quot;none&quot;}\" data-widget_type=\"heading.default\">\n\t\t\t\t\t<h2 class=\"elementor-heading-title elementor-size-default\">We in the Press<\/h2>\t\t\t\t<\/div>\n\t\t\t\t\t<\/div>\n\t\t<\/div>\n\t\t\t\t\t<\/div>\n\t\t<\/section>\n\t\t<div class=\"elementor-element elementor-element-2622543 e-flex e-con-boxed e-con e-parent\" data-id=\"2622543\" data-element_type=\"container\" data-e-type=\"container\" data-settings=\"{&quot;ekit_has_onepagescroll_dot&quot;:&quot;yes&quot;}\">\n\t\t\t\t\t<div class=\"e-con-inner\">\n\t\t\t\t<div class=\"elementor-element elementor-element-dd3b83d elementor-grid-4 elementor-grid-tablet-2 elementor-grid-mobile-1 elementor-posts--thumbnail-top elementor-card-shadow-yes elementor-posts__hover-gradient elementor-widget elementor-widget-posts\" data-id=\"dd3b83d\" data-element_type=\"widget\" data-e-type=\"widget\" data-settings=\"{&quot;cards_columns&quot;:&quot;4&quot;,&quot;cards_columns_tablet&quot;:&quot;2&quot;,&quot;cards_columns_mobile&quot;:&quot;1&quot;,&quot;cards_row_gap&quot;:{&quot;unit&quot;:&quot;px&quot;,&quot;size&quot;:35,&quot;sizes&quot;:[]},&quot;cards_row_gap_widescreen&quot;:{&quot;unit&quot;:&quot;px&quot;,&quot;size&quot;:&quot;&quot;,&quot;sizes&quot;:[]},&quot;cards_row_gap_laptop&quot;:{&quot;unit&quot;:&quot;px&quot;,&quot;size&quot;:&quot;&quot;,&quot;sizes&quot;:[]},&quot;cards_row_gap_tablet_extra&quot;:{&quot;unit&quot;:&quot;px&quot;,&quot;size&quot;:&quot;&quot;,&quot;sizes&quot;:[]},&quot;cards_row_gap_tablet&quot;:{&quot;unit&quot;:&quot;px&quot;,&quot;size&quot;:&quot;&quot;,&quot;sizes&quot;:[]},&quot;cards_row_gap_mobile_extra&quot;:{&quot;unit&quot;:&quot;px&quot;,&quot;size&quot;:&quot;&quot;,&quot;sizes&quot;:[]},&quot;cards_row_gap_mobile&quot;:{&quot;unit&quot;:&quot;px&quot;,&quot;size&quot;:&quot;&quot;,&quot;sizes&quot;:[]},&quot;ekit_we_effect_on&quot;:&quot;none&quot;}\" data-widget_type=\"posts.cards\">\n\t\t\t\t<div class=\"elementor-widget-container\">\n\t\t\t\t\t\t\t<div class=\"elementor-posts-container elementor-posts elementor-posts--skin-cards elementor-grid\" role=\"list\">\n\t\t\t\t<article class=\"elementor-post elementor-grid-item post-8262 post type-post status-publish format-standard has-post-thumbnail hentry category-news tag-insansiz-nano-helikopter-turkiyenin-disa-bagimliligini-sona-erdirecek-ve-turk-silahli-kuvvetlerinin-tsk-gucune-guc-katacak\" role=\"listitem\">\n\t\t\t<div class=\"elementor-post__card\">\n\t\t\t\t<a class=\"elementor-post__thumbnail__link\" href=\"https:\/\/uludogantech.com\/en\/unmanned-nano-helicopter-to-boost-turkish-armys-capabilities\/\" tabindex=\"-1\" ><div class=\"elementor-post__thumbnail\"><img fetchpriority=\"high\" decoding=\"async\" width=\"300\" height=\"169\" src=\"https:\/\/uludogantech.com\/wp-content\/uploads\/2026\/01\/Insansiz-Nano-Helikopter-Turk-ordusuna-guc-katacak-300x169.webp\" class=\"attachment-medium size-medium wp-image-8239\" alt=\"\u0130nsans\u0131z Nano Helikopter T\u00fcrk ordusuna g\u00fc\u00e7 katacak\" srcset=\"https:\/\/uludogantech.com\/wp-content\/uploads\/2026\/01\/Insansiz-Nano-Helikopter-Turk-ordusuna-guc-katacak-300x169.webp 300w, https:\/\/uludogantech.com\/wp-content\/uploads\/2026\/01\/Insansiz-Nano-Helikopter-Turk-ordusuna-guc-katacak-1024x576.webp 1024w, https:\/\/uludogantech.com\/wp-content\/uploads\/2026\/01\/Insansiz-Nano-Helikopter-Turk-ordusuna-guc-katacak-768x432.webp 768w, https:\/\/uludogantech.com\/wp-content\/uploads\/2026\/01\/Insansiz-Nano-Helikopter-Turk-ordusuna-guc-katacak.webp 1280w\" sizes=\"(max-width: 300px) 100vw, 300px\" \/><\/div><\/a>\n\t\t\t\t<div class=\"elementor-post__badge\">News<\/div>\n\t\t\t\t<div class=\"elementor-post__text\">\n\t\t\t\t<h3 class=\"elementor-post__title\">\n\t\t\t<a href=\"https:\/\/uludogantech.com\/en\/unmanned-nano-helicopter-to-boost-turkish-armys-capabilities\/\" >\n\t\t\t\tUnmanned Nano Helicopter to Boost Turkish Army&#8217;s Capabilities\t\t\t<\/a>\n\t\t<\/h3>\n\t\t\n\t\t<a class=\"elementor-post__read-more\" href=\"https:\/\/uludogantech.com\/en\/unmanned-nano-helicopter-to-boost-turkish-armys-capabilities\/\" aria-label=\"Read more about Unmanned Nano Helicopter to Boost Turkish Army&#8217;s Capabilities\" tabindex=\"-1\" >\n\t\t\tMore Information \u00bb\t\t<\/a>\n\n\t\t\t\t<\/div>\n\t\t\t\t\t<\/div>\n\t\t<\/article>\n\t\t\t\t<article class=\"elementor-post elementor-grid-item post-8279 post type-post status-publish format-standard has-post-thumbnail hentry category-news tag-insansiz-nano-helikopter-turkiyenin-disa-bagimliligini-sona-erdirecek-ve-turk-silahli-kuvvetlerinin-tsk-gucune-guc-katacak-2\" role=\"listitem\">\n\t\t\t<div class=\"elementor-post__card\">\n\t\t\t\t<a class=\"elementor-post__thumbnail__link\" href=\"https:\/\/uludogantech.com\/en\/tubitak-supports-the-unmanned-nano-helicopter-project-developed-at-karabuk-teknokent\/\" tabindex=\"-1\" ><div class=\"elementor-post__thumbnail\"><img decoding=\"async\" width=\"300\" height=\"169\" src=\"https:\/\/uludogantech.com\/wp-content\/uploads\/2026\/01\/karabuk-teknokentte-hazirlanan-insansiz-nano-helikopter-projesine-tubitak-destegi-300x169.webp\" class=\"attachment-medium size-medium wp-image-8271\" alt=\"Karab\u00fck Teknokent&#039;te haz\u0131rlanan &quot;\u0130nsans\u0131z Nano Helikopter&quot; projesine T\u00dcB\u0130TAK deste\u011fi\" srcset=\"https:\/\/uludogantech.com\/wp-content\/uploads\/2026\/01\/karabuk-teknokentte-hazirlanan-insansiz-nano-helikopter-projesine-tubitak-destegi-300x169.webp 300w, https:\/\/uludogantech.com\/wp-content\/uploads\/2026\/01\/karabuk-teknokentte-hazirlanan-insansiz-nano-helikopter-projesine-tubitak-destegi-1024x576.webp 1024w, https:\/\/uludogantech.com\/wp-content\/uploads\/2026\/01\/karabuk-teknokentte-hazirlanan-insansiz-nano-helikopter-projesine-tubitak-destegi-768x432.webp 768w, https:\/\/uludogantech.com\/wp-content\/uploads\/2026\/01\/karabuk-teknokentte-hazirlanan-insansiz-nano-helikopter-projesine-tubitak-destegi.webp 1280w\" sizes=\"(max-width: 300px) 100vw, 300px\" \/><\/div><\/a>\n\t\t\t\t<div class=\"elementor-post__badge\">News<\/div>\n\t\t\t\t<div class=\"elementor-post__text\">\n\t\t\t\t<h3 class=\"elementor-post__title\">\n\t\t\t<a href=\"https:\/\/uludogantech.com\/en\/tubitak-supports-the-unmanned-nano-helicopter-project-developed-at-karabuk-teknokent\/\" >\n\t\t\t\tT\u00dcB\u0130TAK supports the \u201cUnmanned Nano Helicopter\u201d project developed at Karab\u00fck Teknokent\t\t\t<\/a>\n\t\t<\/h3>\n\t\t\n\t\t<a class=\"elementor-post__read-more\" href=\"https:\/\/uludogantech.com\/en\/tubitak-supports-the-unmanned-nano-helicopter-project-developed-at-karabuk-teknokent\/\" aria-label=\"Read more about T\u00dcB\u0130TAK supports the \u201cUnmanned Nano Helicopter\u201d project developed at Karab\u00fck Teknokent\" tabindex=\"-1\" >\n\t\t\tMore Information \u00bb\t\t<\/a>\n\n\t\t\t\t<\/div>\n\t\t\t\t\t<\/div>\n\t\t<\/article>\n\t\t\t\t<\/div>\n\t\t\n\t\t\t\t\t\t<\/div>\n\t\t\t\t<\/div>\n\t\t\t\t\t<\/div>\n\t\t\t\t<\/div>\n\t\t\t\t<\/div>\n\t\t","protected":false},"excerpt":{"rendered":"","protected":false},"author":1,"featured_media":0,"parent":0,"menu_order":0,"comment_status":"closed","ping_status":"closed","template":"","meta":{"footnotes":""},"class_list":["post-8046","page","type-page","status-publish","hentry"],"_links":{"self":[{"href":"https:\/\/uludogantech.com\/en\/wp-json\/wp\/v2\/pages\/8046","targetHints":{"allow":["GET"]}}],"collection":[{"href":"https:\/\/uludogantech.com\/en\/wp-json\/wp\/v2\/pages"}],"about":[{"href":"https:\/\/uludogantech.com\/en\/wp-json\/wp\/v2\/types\/page"}],"author":[{"embeddable":true,"href":"https:\/\/uludogantech.com\/en\/wp-json\/wp\/v2\/users\/1"}],"replies":[{"embeddable":true,"href":"https:\/\/uludogantech.com\/en\/wp-json\/wp\/v2\/comments?post=8046"}],"version-history":[{"count":1,"href":"https:\/\/uludogantech.com\/en\/wp-json\/wp\/v2\/pages\/8046\/revisions"}],"predecessor-version":[{"id":8047,"href":"https:\/\/uludogantech.com\/en\/wp-json\/wp\/v2\/pages\/8046\/revisions\/8047"}],"wp:attachment":[{"href":"https:\/\/uludogantech.com\/en\/wp-json\/wp\/v2\/media?parent=8046"}],"curies":[{"name":"wp","href":"https:\/\/api.w.org\/{rel}","templated":true}]}}